{"id":132,"date":"2019-11-19T16:03:44","date_gmt":"2019-11-19T15:03:44","guid":{"rendered":"http:\/\/neu.psychotherapie-fauser.de\/?page_id=132"},"modified":"2020-10-05T20:49:38","modified_gmt":"2020-10-05T18:49:38","slug":"coaching","status":"publish","type":"page","link":"https:\/\/psychotherapie-fauser.de\/index.php\/coaching\/","title":{"rendered":"Coaching"},"content":{"rendered":"\n<div class=\"wp-block-columns is-layout-flex wp-container-core-columns-is-layout-28f84493 wp-block-columns-is-layout-flex\">\n<div class=\"wp-block-column is-layout-flow wp-block-column-is-layout-flow\">\n<p><strong>Coaching:<\/strong><\/p>\n\n\n\n<p>Ist f\u00fcr all diejenigen die sich in einer Sackgasse befinden und im Moment keine L\u00f6sung und keinen Ausweg mehr wissen.<\/p>\n\n\n\n<p>Der Fokus liegt dabei auf pers\u00f6nlichen Ressourcen und individuellen Entwicklungsm\u00f6glichkeiten.&nbsp;<\/p>\n\n\n\n<p>Dabei wird nicht selten die eigene Wahrnehmung durch Selbstreflektion ver\u00e4ndert undneue M\u00f6glichkeiten des Verhaltens und Erlebens geschaffen.&nbsp;<\/p>\n\n\n\n<p>Im Bereich des Coachings werden zwei Arten bzw. zwei Zielgruppen unterschieden.<\/p>\n<\/div>\n\n\n\n<div class=\"wp-block-column is-vertically-aligned-bottom is-layout-flow wp-block-column-is-layout-flow\">\n<div class=\"wp-block-image\"><figure class=\"aligncenter size-large is-resized\"><img loading=\"lazy\" decoding=\"async\" src=\"https:\/\/psychotherapie-fauser.de\/wp-content\/uploads\/2019\/11\/Coaching.jpg\" alt=\"\" width=\"389\" height=\"300\"\/><\/figure><\/div>\n\n\n\n<p><\/p>\n<\/div>\n<\/div>\n\n\n\n<p><strong>Berufliches Coaching<\/strong><\/p>\n\n\n\n<p>Wollen Sie Ihre Karrierechancen verbessern oder Konflikte im Job konstruktiv l\u00f6sen?<\/p>\n\n\n\n<p>Dabei kann Ihnen ein individuelles Coaching helfen.&nbsp;Im Mittelpunkt stehen eine professionelle Unterst\u00fctzung f\u00fcr die Verbesserung der Kommunikation und ein individuelles Pers\u00f6nlichkeitscoaching, ausgerichtet auf Ihre St\u00e4rken und Schw\u00e4chen.<\/p>\n\n\n\n<p><strong>Therapeutisches Coaching<\/strong><\/p>\n\n\n\n<p>Ein therapeutisches Coaching ist empfehlenswert, wenn Sie z.B. unter Motivationsschwierigkeiten, Energieverlust, Schlafst\u00f6rungen, oder Symptomen eines beginnenden Burn-Outs leiden. Im letzten Fall bietet sich Coaching zur Pr\u00e4vention von Burnout an. Mit professionellen Methoden k\u00f6nnen Sie z.B. sch\u00e4digende und kraftzehrende Verhaltensweisen beenden oder den Zugang zu den eigenen Potentialen (wieder) herstellen.<\/p>\n\n\n\n<p>Ziel ist das Entdecken neuer Sichtweisen, die neue L\u00f6sungsm\u00f6glichkeiten erlauben.&nbsp;&nbsp;<\/p>\n","protected":false},"excerpt":{"rendered":"<p>Coaching: Ist f\u00fcr all diejenigen die sich in einer Sackgasse befinden und im Moment keine L\u00f6sung und keinen Ausweg mehr wissen. Der Fokus liegt dabei auf pers\u00f6nlichen Ressourcen und individuellen Entwicklungsm\u00f6glichkeiten.&nbsp; Dabei wird nicht selten die eigene Wahrnehmung durch Selbstreflektion ver\u00e4ndert undneue M\u00f6glichkeiten des Verhaltens und Erlebens geschaffen.&nbsp; Im Bereich des Coachings werden zwei Arten [&hellip;]<\/p>\n","protected":false},"author":1,"featured_media":0,"parent":0,"menu_order":0,"comment_status":"closed","ping_status":"closed","template":"","meta":{"site-sidebar-layout":"default","site-content-layout":"default","ast-site-content-layout":"default","site-content-style":"default","site-sidebar-style":"default","ast-global-header-display":"","ast-banner-title-visibility":"","ast-main-header-display":"","ast-hfb-above-header-display":"","ast-hfb-below-header-display":"","ast-hfb-mobile-header-display":"","site-post-title":"","ast-breadcrumbs-content":"","ast-featured-img":"","footer-sml-layout":"","ast-disable-related-posts":"","theme-transparent-header-meta":"default","adv-header-id-meta":"","stick-header-meta":"","header-above-stick-meta":"","header-main-stick-meta":"","header-below-stick-meta":"","astra-migrate-meta-layouts":"default","ast-page-background-enabled":"default","ast-page-background-meta":{"desktop":{"background-color":"","background-image":"","background-repeat":"repeat","background-position":"center center","background-size":"auto","background-attachment":"scroll","background-type":"","background-media":"","overlay-type":"","overlay-color":"","overlay-opacity":"","overlay-gradient":""},"tablet":{"background-color":"","background-image":"","background-repeat":"repeat","background-position":"center center","background-size":"auto","background-attachment":"scroll","background-type":"","background-media":"","overlay-type":"","overlay-color":"","overlay-opacity":"","overlay-gradient":""},"mobile":{"background-color":"","background-image":"","background-repeat":"repeat","background-position":"center center","background-size":"auto","background-attachment":"scroll","background-type":"","background-media":"","overlay-type":"","overlay-color":"","overlay-opacity":"","overlay-gradient":""}},"ast-content-background-meta":{"desktop":{"background-color":"var(--ast-global-color-5)","background-image":"","background-repeat":"repeat","background-position":"center center","background-size":"auto","background-attachment":"scroll","background-type":"","background-media":"","overlay-type":"","overlay-color":"","overlay-opacity":"","overlay-gradient":""},"tablet":{"background-color":"var(--ast-global-color-5)","background-image":"","background-repeat":"repeat","background-position":"center center","background-size":"auto","background-attachment":"scroll","background-type":"","background-media":"","overlay-type":"","overlay-color":"","overlay-opacity":"","overlay-gradient":""},"mobile":{"background-color":"var(--ast-global-color-5)","background-image":"","background-repeat":"repeat","background-position":"center center","background-size":"auto","background-attachment":"scroll","background-type":"","background-media":"","overlay-type":"","overlay-color":"","overlay-opacity":"","overlay-gradient":""}},"footnotes":""},"class_list":["post-132","page","type-page","status-publish","hentry"],"_links":{"self":[{"href":"https:\/\/psychotherapie-fauser.de\/index.php\/wp-json\/wp\/v2\/pages\/132","targetHints":{"allow":["GET"]}}],"collection":[{"href":"https:\/\/psychotherapie-fauser.de\/index.php\/wp-json\/wp\/v2\/pages"}],"about":[{"href":"https:\/\/psychotherapie-fauser.de\/index.php\/wp-json\/wp\/v2\/types\/page"}],"author":[{"embeddable":true,"href":"https:\/\/psychotherapie-fauser.de\/index.php\/wp-json\/wp\/v2\/users\/1"}],"replies":[{"embeddable":true,"href":"https:\/\/psychotherapie-fauser.de\/index.php\/wp-json\/wp\/v2\/comments?post=132"}],"version-history":[{"count":4,"href":"https:\/\/psychotherapie-fauser.de\/index.php\/wp-json\/wp\/v2\/pages\/132\/revisions"}],"predecessor-version":[{"id":205,"href":"https:\/\/psychotherapie-fauser.de\/index.php\/wp-json\/wp\/v2\/pages\/132\/revisions\/205"}],"wp:attachment":[{"href":"https:\/\/psychotherapie-fauser.de\/index.php\/wp-json\/wp\/v2\/media?parent=132"}],"curies":[{"name":"wp","href":"https:\/\/api.w.org\/{rel}","templated":true}]}}