{"id":20,"date":"2019-11-18T18:03:34","date_gmt":"2019-11-18T17:03:34","guid":{"rendered":"http:\/\/neu.psychotherapie-fauser.de\/?page_id=20"},"modified":"2024-05-07T12:57:14","modified_gmt":"2024-05-07T10:57:14","slug":"psychotherapie","status":"publish","type":"page","link":"https:\/\/psychotherapie-fauser.de\/index.php\/psychotherapie\/","title":{"rendered":"Psychotherapie"},"content":{"rendered":"\n<figure class=\"wp-block-image aligncenter size-large is-style-rounded\"><img decoding=\"async\" src=\"https:\/\/psychotherapie-fauser.de\/wp-content\/uploads\/2019\/11\/d80e7c5f854679e74fcaf0yo.jpg\" alt=\"\"\/><\/figure>\n\n\n<p><a id=\"ptvt\" name=\"ptvt\"><\/a><\/p>\n\n\n<h2 class=\"wp-block-heading\">Verhaltenstherapie<\/h2>\n\n\n\n<p> Die kognitive Verhaltenstherapie ist eine Form der Psychotherapie, bei der angenommen wird, dass jedes Verhalten erlernt worden ist und deshalb auch wieder \u201everlernt\u201c werden kann. Psychische St\u00f6rungen&nbsp;entstehen demnach unter anderem, weil ein Kind, ein Jugendlicher oder ein Erwachsener unangepasste Verhaltensweisen erlernt hat. <\/p>\n\n\n\n<p> Da psychopathologische Ph\u00e4nomene im Kindes- und Jugendalter h\u00e4ufig mit famili\u00e4ren und\/oder schulischen Erziehungsschwierigkeiten einhergehen und sich wechselseitig bedingen, ist die Einbeziehung der Arbeit mit den Eltern und Bezugspersonen meist sinnvoll und notwendig. Ausgehend von der psychologischen Diagnostik (Wo sind die F\u00e4higkeiten und Defizite, die mit dem Problem zusammenh\u00e4ngen k\u00f6nnten?), Verhaltensanalyse (Welchen Sinn hat das Problem?) und der Zielkl\u00e4rung (Wer m\u00f6chte was \u00e4ndern?), soll die Therapie dabei helfen, gemeinsam neue L\u00f6sungen zu finden.&nbsp;Die Verhaltenstherapie bei Kindern und Jugendlichen ist bis zu einem Alter von 21 Jahren m\u00f6glich. <\/p>\n\n\n\n<hr class=\"wp-block-separator has-css-opacity is-style-dots\"\/>\n\n\n<p><a id=\"ptbs\" name=\"ptbs\"><\/a><\/p>\n\n\n<h2 class=\"wp-block-heading\">Behandlungsspektrum<\/h2>\n\n\n\n<p> Abkl\u00e4rung, Beratung und Kinder- und Jugendpsychotherapie ausschlie\u00dflich f\u00fcr Kinder und Jugendliche bis zum 21. Lebensjahr bei folgenden Symptomen\/Verhaltensweisen: <\/p>\n\n\n\n<ul class=\"wp-block-list\">\n<li>Angstst\u00f6rungen<\/li>\n\n\n\n<li>Aufmerksamkeitsdefizits-Hyperaktivit\u00e4tsst\u00f6rungen (ADS\/ADHS)<\/li>\n\n\n\n<li>Anpassungsst\u00f6rungen<\/li>\n\n\n\n<li>Autismus<\/li>\n\n\n\n<li>Bindungsst\u00f6rungen<\/li>\n\n\n\n<li>Depressionen<\/li>\n\n\n\n<li>Einn\u00e4ssen (Enuresis)<\/li>\n\n\n\n<li>Einkoten (Enkopresis)<\/li>\n\n\n\n<li>Emotionale St\u00f6rungen<\/li>\n\n\n\n<li>Essst\u00f6rungen<\/li>\n\n\n\n<li>Lernst\u00f6rungen<\/li>\n\n\n\n<li>Mutismus<\/li>\n\n\n\n<li>Abzeichnende Pers\u00f6nlichkeitsst\u00f6rungen (z.B. Borderlinepers\u00f6nlichkeitsst\u00f6rung)<\/li>\n\n\n\n<li>Posttraumatische Belastungsst\u00f6rungen<\/li>\n\n\n\n<li>Pubert\u00e4tskrisen<\/li>\n\n\n\n<li>Schlafst\u00f6rungen<\/li>\n\n\n\n<li>Schulabsentismus, Schulverweigerung, Schulangst<\/li>\n\n\n\n<li>Selbstverletzendes Verhalten<\/li>\n\n\n\n<li>Soziale \u00c4ngste und soziale Phobien<\/li>\n\n\n\n<li>St\u00f6rungen des Sozialverhaltens\/ Aggressiv-dissoziale St\u00f6rungen\/ oppositionelles Trotzverhalten<\/li>\n\n\n\n<li>Stresssymptomatik<\/li>\n\n\n\n<li>Substanzst\u00f6rungen (z.B. THC-Konsum)<\/li>\n\n\n\n<li>Ticst\u00f6rungen<\/li>\n\n\n\n<li>Trennungs\u00e4ngste<\/li>\n\n\n\n<li>Zwangsst\u00f6rungen<\/li>\n<\/ul>\n\n\n\n<hr class=\"wp-block-separator has-css-opacity is-style-dots\"\/>\n\n\n<p><a id=\"ptk\" name=\"ptk\"><\/a><\/p>\n\n\n<h2 class=\"wp-block-heading\">Kosten<\/h2>\n\n\n\n<p>G E S E T Z L I C H E K R A N K E N V E R S I C H E R U N G<\/p>\n\n\n\n<p>Leistungen nach den Psychotherapie-Richtlinien werden von den gesetzlichen Krankenkassen \u00fcbernommen.&nbsp;<\/p>\n\n\n\n<p>F\u00fcr Sie entstehen keine Kosten.<\/p>\n\n\n\n<p><br>P R I V A T E K R A N K E N V E R S I C H E R U N G<br>Die Kosten f\u00fcr die psychotherapeutische Behandlung Ihres Kindes werden von den privaten Krankenversicherungen in der Regel vollst\u00e4ndig \u00fcbernommen. Je nach Versicherung oder ihrem individuell abgeschlossenen Tarif, k\u00f6nnen jedoch die Anzahl der Therapiesitzungen die erstattet werden variieren. In einem Telefongespr\u00e4ch mit ihrer Krankenkasse erfahren sie rasch, ob ihr Tarif die Kostenerstattung f\u00fcr eine Psychotherapie vorsieht, wie viele Sitzungen erstattet werden und welche Formalit\u00e4ten bei der Inanspruchnahme einer Psychotherapie f\u00fcr ihr Kind beachtet werden m\u00fcssen. Einige private Krankenkassen sehen einen schriftlichen Antrag des Therapeuten f\u00fcr die Leistungszusage vor, anderen gen\u00fcgt die Inrechnungstellung der Leistungen durch den Therapeuten.<br>Die Abrechnung einer Einzelsitzung Verhaltenstherapie erfolgt nach der Geb\u00fchrenordnung f\u00fcr Psychotherapeuten (GOP) im 2,3-fachen Regelsteigerungssatz, der von privaten Kassen und Beihilfestellen anerkannt wird. Aktuell betragen die Kosten f\u00fcr eine verhaltenstherapeutische Einzelsitzung \u00e0 50 Minuten gem\u00e4\u00df diesen Vorgaben 100,55 \u20ac.<\/p>\n\n\n\n<p><br>B E I H I L F E B E R E C H T I G T E<br>Die Kosten\u00fcbernahme durch Berufsgenossenschaften und Beihilfestellen von Bund, L\u00e4ndern und Kommunen ist in aller Regel problemlos, nachdem der Psychotherapeut einen ausf\u00fchrlichen Antrag auf Leistungszusage gestellt hat. Am besten Sie erkundigen sich direkt bei Ihrer Beihilfestelle \u00fcber die geltenden Formalit\u00e4ten.<\/p>\n\n\n\n<p><br>S E L B S T Z A H L E R<br>Eine psychotherapeutische Behandlung Ihres Kindes ist per Selbstzahlung m\u00f6glich. Der Vorteil f\u00fcr Sie liegt darin, dass Sie ohne weitere Wartezeit die Therapie beginnen k\u00f6nnen und die von Ihnen bei uns in Anspruch genommenen Leistungen nicht in Ihren Krankenkassen-Unterlagen dokumentiert werden. Eine vorherige Konsultation des Haus- oder Kinderarztes ist in diesem Fall nicht notwendig. Das Honorar wird Ihnen von uns privat in Rechnung gestellt. Die Geb\u00fchren f\u00fcr Selbstzahler orientieren sich an der Geb\u00fchrenordnung f\u00fcr Psychotherapeuten (GOP) und betr\u00e4gt pro Sitzung 100,55 \u20ac.<\/p>\n\n\n\n<p><br>B E R A T U N G\/ S O N D I E R U N G S G E S P R \u00c4 C H E<br>Die Kosten f\u00fcr Beratung werden generell nicht von den Krankenkassen \u00fcbernommen und deshalb ausschlie\u00dflich privat abgerechnet. Sie betragen f\u00fcr eine Sitzung \u00e0 50 min 80\u20ac inklusive MwSt. In begr\u00fcndeten F\u00e4llen (Studierende, Alleinerziehende, Erwerbslose) kann ein erm\u00e4\u00dfigtes Honorar vereinbart werden.<\/p>\n","protected":false},"excerpt":{"rendered":"<p>Verhaltenstherapie Die kognitive Verhaltenstherapie ist eine Form der Psychotherapie, bei der angenommen wird, dass jedes Verhalten erlernt worden ist und deshalb auch wieder \u201everlernt\u201c werden kann. Psychische St\u00f6rungen&nbsp;entstehen demnach unter anderem, weil ein Kind, ein Jugendlicher oder ein Erwachsener unangepasste Verhaltensweisen erlernt hat. Da psychopathologische Ph\u00e4nomene im Kindes- und Jugendalter h\u00e4ufig mit famili\u00e4ren und\/oder schulischen [&hellip;]<\/p>\n","protected":false},"author":1,"featured_media":0,"parent":0,"menu_order":0,"comment_status":"closed","ping_status":"closed","template":"","meta":{"site-sidebar-layout":"default","site-content-layout":"default","ast-site-content-layout":"default","site-content-style":"default","site-sidebar-style":"default","ast-global-header-display":"","ast-banner-title-visibility":"","ast-main-header-display":"","ast-hfb-above-header-display":"","ast-hfb-below-header-display":"","ast-hfb-mobile-header-display":"","site-post-title":"disabled","ast-breadcrumbs-content":"","ast-featured-img":"","footer-sml-layout":"","ast-disable-related-posts":"","theme-transparent-header-meta":"default","adv-header-id-meta":"","stick-header-meta":"","header-above-stick-meta":"","header-main-stick-meta":"","header-below-stick-meta":"","astra-migrate-meta-layouts":"set","ast-page-background-enabled":"default","ast-page-background-meta":{"desktop":{"background-color":"","background-image":"","background-repeat":"repeat","background-position":"center center","background-size":"auto","background-attachment":"scroll","background-type":"","background-media":"","overlay-type":"","overlay-color":"","overlay-opacity":"","overlay-gradient":""},"tablet":{"background-color":"","background-image":"","background-repeat":"repeat","background-position":"center center","background-size":"auto","background-attachment":"scroll","background-type":"","background-media":"","overlay-type":"","overlay-color":"","overlay-opacity":"","overlay-gradient":""},"mobile":{"background-color":"","background-image":"","background-repeat":"repeat","background-position":"center center","background-size":"auto","background-attachment":"scroll","background-type":"","background-media":"","overlay-type":"","overlay-color":"","overlay-opacity":"","overlay-gradient":""}},"ast-content-background-meta":{"desktop":{"background-color":"var(--ast-global-color-5)","background-image":"","background-repeat":"repeat","background-position":"center center","background-size":"auto","background-attachment":"scroll","background-type":"","background-media":"","overlay-type":"","overlay-color":"","overlay-opacity":"","overlay-gradient":""},"tablet":{"background-color":"var(--ast-global-color-5)","background-image":"","background-repeat":"repeat","background-position":"center center","background-size":"auto","background-attachment":"scroll","background-type":"","background-media":"","overlay-type":"","overlay-color":"","overlay-opacity":"","overlay-gradient":""},"mobile":{"background-color":"var(--ast-global-color-5)","background-image":"","background-repeat":"repeat","background-position":"center center","background-size":"auto","background-attachment":"scroll","background-type":"","background-media":"","overlay-type":"","overlay-color":"","overlay-opacity":"","overlay-gradient":""}},"footnotes":""},"class_list":["post-20","page","type-page","status-publish","hentry"],"_links":{"self":[{"href":"https:\/\/psychotherapie-fauser.de\/index.php\/wp-json\/wp\/v2\/pages\/20","targetHints":{"allow":["GET"]}}],"collection":[{"href":"https:\/\/psychotherapie-fauser.de\/index.php\/wp-json\/wp\/v2\/pages"}],"about":[{"href":"https:\/\/psychotherapie-fauser.de\/index.php\/wp-json\/wp\/v2\/types\/page"}],"author":[{"embeddable":true,"href":"https:\/\/psychotherapie-fauser.de\/index.php\/wp-json\/wp\/v2\/users\/1"}],"replies":[{"embeddable":true,"href":"https:\/\/psychotherapie-fauser.de\/index.php\/wp-json\/wp\/v2\/comments?post=20"}],"version-history":[{"count":25,"href":"https:\/\/psychotherapie-fauser.de\/index.php\/wp-json\/wp\/v2\/pages\/20\/revisions"}],"predecessor-version":[{"id":345,"href":"https:\/\/psychotherapie-fauser.de\/index.php\/wp-json\/wp\/v2\/pages\/20\/revisions\/345"}],"wp:attachment":[{"href":"https:\/\/psychotherapie-fauser.de\/index.php\/wp-json\/wp\/v2\/media?parent=20"}],"curies":[{"name":"wp","href":"https:\/\/api.w.org\/{rel}","templated":true}]}}